{"id":2849,"date":"2026-04-11T16:48:34","date_gmt":"2026-04-11T14:48:34","guid":{"rendered":"https:\/\/www.slowpotter.com\/?page_id=2849"},"modified":"2026-04-23T19:31:47","modified_gmt":"2026-04-23T17:31:47","slug":"the-workshop-2","status":"publish","type":"page","link":"https:\/\/www.slowpotter.com\/en\/","title":{"rendered":"Pottery studio in Paris | Slow Potter"},"content":{"rendered":"<div class=\"wpb-content-wrapper\"><div class=\"sp-home-hero-row\">\n<div class=\"sp-hero-img-wrap\">\n    <img decoding=\"async\" src=\"https:\/\/www.slowpotter.com\/wp-content\/uploads\/2026\/04\/Atelier-poterie-demonstration-1-e1776946898884.jpg\" alt=\"Ceramics workshop in Paris\" width=\"1200\" height=\"675\" \/>\n  <\/div>\n<div class=\"sp-home-hero-overlay\">\n<div class=\"sp-home-hero-inner\">\n     <a  itemprop=\"url\" href=\"https:\/\/www.slowpotter.com\/cours-de-poterie-paris\/\" target=\"_self\" data-hover-background-color=\"#2b3e20\" class=\"qbutton  medium center white default\" style=\"font-weight: 600; font-size: 16pxpx; border-radius: 0pxpx;-moz-border-radius: 0pxpx;-webkit-border-radius: 0pxpx; background-color:#374f29;\">Book an experience<\/a><\/p>\n<h1>Ceramics workshop in Paris<\/h1>\n<p>Pottery classes and private experiences in an artist\u2019s studio<\/p>\n<\/p><\/div><\/div>\n<\/div>\n<p>[vc_row type=&#8221;grid&#8221;][vc_column][vc_empty_space height=&#8221;64px&#8221;][vc_column_text]<\/p>\n<p style=\"margin-bottom: 1.5em;\">Slow Potter is the studio of Chentar, a ceramic artist, where working with clay is shared in an intimate, bright and carefully designed space. Pottery classes are offered there, conceived as true experiences in the heart of Paris.<\/p>\n<p>Wheel throwing, personalized guidance, private formats, as a duo or in a small group: each session invites you to discover clay with sensitivity, in a calm and attentive atmosphere, at the rhythm of the gesture.<\/p>\n<p>[\/vc_column_text][vc_empty_space height=&#8221;64px&#8221;][\/vc_column][\/vc_row]<\/p>\n<p>[vc_row css_animation=&#8221;&#8221; row_type=&#8221;row&#8221; use_row_as_full_screen_section=&#8221;no&#8221; type=&#8221;grid&#8221; angled_section=&#8221;no&#8221; text_align=&#8221;left&#8221; background_image_as_pattern=&#8221;without_pattern&#8221; row_negative_margin=&#8221;disable_negative_margin&#8221; z_index=&#8221;&#8221; el_class=&#8221;cards-gap home-offers-grid&#8221;][vc_column width=&#8221;1\/3&#8243; el_class=&#8221;card-box card-box-home-signature&#8221;][vc_single_image image=&#8221;4042&#8243; img_size=&#8221;600&#215;450&#8243; alignment=&#8221;center&#8221; css=&#8221;&#8221; qode_css_animation=&#8221;&#8221;][vc_empty_space height=&#8221;22px&#8221;][vc_column_text css=&#8221;&#8221; el_class=&#8221;sp-card-content&#8221;]<\/p>\n<h4 class=\"sp-card-title\">Signature Workshop<\/h4>\n<p class=\"sp-card-subtitle\"><em>Private pottery class in Paris<\/em><\/p>\n<p class=\"sp-card-intro\">A fully personalized moment to discover or deepen wheel throwing, guided step by step in an intimate setting.<\/p>\n<div class=\"card-button-wrap\"><a class=\"sp-button\" href=\"https:\/\/www.slowpotter.com\/product\/cours-poterie-prive-paris\/\">Learn more<\/a><\/div>\n<p>[\/vc_column_text][\/vc_column][vc_column width=&#8221;1\/3&#8243; el_class=&#8221;card-box card-box-home-signature&#8221;][vc_single_image image=&#8221;4050&#8243; img_size=&#8221;600&#215;450&#8243; alignment=&#8221;center&#8221; css=&#8221;&#8221; qode_css_animation=&#8221;&#8221;][vc_empty_space height=&#8221;22px&#8221;][vc_column_text css=&#8221;&#8221; el_class=&#8221;sp-card-content&#8221;]<\/p>\n<h4 class=\"sp-card-title\">Signature Workshop for Two<\/h4>\n<p class=\"sp-card-subtitle\"><em>Pottery class for two in Paris<\/em><\/p>\n<p class=\"sp-card-intro\">An experience to share, discovering the gesture of wheel throwing together in a calm, refined and private setting.<\/p>\n<div class=\"card-button-wrap\"><a class=\"sp-button\" href=\"https:\/\/www.slowpotter.com\/product\/cours-poterie-duo-paris\/\">Learn more<\/a><\/div>\n<p>[\/vc_column_text][\/vc_column][vc_column width=&#8221;1\/3&#8243; el_class=&#8221;card-box card-box-home-signature&#8221;][vc_single_image image=&#8221;4044&#8243; img_size=&#8221;600&#215;450&#8243; alignment=&#8221;center&#8221; css=&#8221;&#8221; qode_css_animation=&#8221;&#8221;][vc_empty_space height=&#8221;22px&#8221;][vc_column_text css=&#8221;&#8221; el_class=&#8221;sp-card-content&#8221;]<\/p>\n<h4 class=\"sp-card-title\">Confidential Workshop<\/h4>\n<p class=\"sp-card-subtitle\"><em>Small group pottery class, maximum 3 people<\/em><\/p>\n<p class=\"sp-card-intro\">A very small group format to discover wheel throwing in an attentive atmosphere, with the comfort of a reduced group.<\/p>\n<div class=\"card-button-wrap\"><a class=\"sp-button\" href=\"https:\/\/www.slowpotter.com\/product\/cours-poterie-paris-petit-groupe\/\">Learn more<\/a><\/div>\n<p>[\/vc_column_text][\/vc_column][\/vc_row]<\/p>\n<p>[vc_row css_animation=&#8221;&#8221; row_type=&#8221;row&#8221; use_row_as_full_screen_section=&#8221;no&#8221; type=&#8221;full_width&#8221; angled_section=&#8221;no&#8221; text_align=&#8221;left&#8221; background_image_as_pattern=&#8221;without_pattern&#8221;][vc_column][vc_empty_space height=&#8221;48px&#8221;][\/vc_column][\/vc_row]<\/p>\n<p>[vc_row css_animation=&#8221;&#8221; row_type=&#8221;row&#8221; use_row_as_full_screen_section=&#8221;no&#8221; type=&#8221;grid&#8221; angled_section=&#8221;no&#8221; text_align=&#8221;left&#8221; background_image_as_pattern=&#8221;without_pattern&#8221; z_index=&#8221;&#8221; el_class=&#8221;home-process-row&#8221;][vc_column][vc_empty_space height=&#8221;70px&#8221;][\/vc_column][\/vc_row]<\/p>\n<p>[vc_row css_animation=&#8221;&#8221; row_type=&#8221;row&#8221; use_row_as_full_screen_section=&#8221;no&#8221; type=&#8221;grid&#8221; angled_section=&#8221;no&#8221; text_align=&#8221;left&#8221; background_image_as_pattern=&#8221;without_pattern&#8221; z_index=&#8221;&#8221; el_class=&#8221;home-process-row&#8221;][vc_column][vc_row_inner row_type=&#8221;row&#8221; type=&#8221;full_width&#8221; text_align=&#8221;left&#8221; css_animation=&#8221;&#8221; equal_height=&#8221;yes&#8221; content_placement=&#8221;middle&#8221;][vc_column_inner width=&#8221;1\/2&#8243;][vc_single_image image=&#8221;4047&#8243; img_size=&#8221;large&#8221; alignment=&#8221;center&#8221; css=&#8221;&#8221; qode_css_animation=&#8221;&#8221;][\/vc_column_inner][vc_column_inner width=&#8221;1\/2&#8243;][vc_column_text css=&#8221;&#8221; el_class=&#8221;home-process-text&#8221;]<\/p>\n<h2>The world of Chentar<\/h2>\n<p>Slow Potter is above all the creative space of Chentar, a ceramic artist of Thai origin based in Paris. His work highlights raw clay, in a subtle dialogue between Asian influences and contemporary sensibility.<\/p>\n<div class=\"card-button-wrap\" style=\"text-align: center; margin-top: 48px;\"><a class=\"sp-button\" style=\"display: inline-block;\" href=\"\/chentar-ceramiste-paris\/\">Discover the artist<\/a><\/div>\n<p>[\/vc_column_text][\/vc_column_inner][\/vc_row_inner][\/vc_column][\/vc_row]<\/p>\n<p>[vc_row css_animation=&#8221;&#8221; row_type=&#8221;row&#8221; use_row_as_full_screen_section=&#8221;no&#8221; type=&#8221;grid&#8221; angled_section=&#8221;no&#8221; text_align=&#8221;left&#8221; background_image_as_pattern=&#8221;without_pattern&#8221; z_index=&#8221;&#8221; el_class=&#8221;home-process-row&#8221;][vc_column][vc_empty_space height=&#8221;70px&#8221;][\/vc_column][\/vc_row]<\/p>\n<p>[vc_row css_animation=&#8221;&#8221; row_type=&#8221;row&#8221; use_row_as_full_screen_section=&#8221;no&#8221; type=&#8221;full_width&#8221; angled_section=&#8221;no&#8221; text_align=&#8221;left&#8221; background_image_as_pattern=&#8221;without_pattern&#8221; css=&#8221;.vc_custom_1776449899697{padding-right: 60px !important;padding-left: 60px !important;}&#8221; z_index=&#8221;&#8221;][vc_column][vc_column_text css=&#8221;&#8221; el_class=&#8221;home-process-text&#8221;]<\/p>\n<h2 style=\"text-align: center;\">The studio and artworks in images<\/h2>\n<p>[\/vc_column_text][vc_empty_space height=&#8221;48px&#8221;]<br \/>\n[vc_raw_html]JTVCZW52aXJhLWdhbGxlcnklMjBzbHVnJTNEJTIyaG9tZS1nYWxsZXJ5JTIyJTVE[\/vc_raw_html][\/vc_column][\/vc_row]<\/p>\n<\/div>","protected":false},"excerpt":{"rendered":"<p>Ceramics workshop in Paris Pottery classes and private experiences in an artist\u2019s studio [vc_row type=&#8221;grid&#8221;][vc_column][vc_empty_space height=&#8221;64px&#8221;][vc_column_text] Slow Potter is the studio of Chentar, a ceramic artist, where working with clay is shared in an intimate, bright and carefully designed space. Pottery classes are offered there,&#8230;<\/p>\n","protected":false},"author":2,"featured_media":0,"parent":0,"menu_order":1,"comment_status":"closed","ping_status":"closed","template":"full_width.php","meta":{"footnotes":""},"class_list":["post-2849","page","type-page","status-publish","hentry"],"yoast_head":"<!-- This site is optimized with the Yoast SEO plugin v27.4 - https:\/\/yoast.com\/product\/yoast-seo-wordpress\/ -->\n<title>Pottery studio in Paris | Slow Potter<\/title>\n<meta name=\"description\" content=\"Slow Potter is the studio of Chentar, a ceramic artist in Paris. Private pottery classes, workshops and creations in an intimate and refined space.\" \/>\n<meta name=\"robots\" content=\"index, follow, max-snippet:-1, max-image-preview:large, max-video-preview:-1\" \/>\n<link rel=\"canonical\" href=\"https:\/\/www.slowpotter.com\/en\/\" \/>\n<meta property=\"og:locale\" content=\"en_US\" \/>\n<meta property=\"og:type\" content=\"article\" \/>\n<meta property=\"og:title\" content=\"Pottery studio in Paris | Slow Potter\" \/>\n<meta property=\"og:description\" content=\"Slow Potter is the studio of Chentar, a ceramic artist in Paris. Private pottery classes, workshops and creations in an intimate and refined space.\" \/>\n<meta property=\"og:url\" content=\"https:\/\/www.slowpotter.com\/en\/\" \/>\n<meta property=\"og:site_name\" content=\"Slow Potter\" \/>\n<meta property=\"article:publisher\" content=\"https:\/\/www.facebook.com\/slowpotter\/\" \/>\n<meta property=\"article:modified_time\" content=\"2026-04-23T17:31:47+00:00\" \/>\n<meta property=\"og:image\" content=\"https:\/\/www.slowpotter.com\/wp-content\/uploads\/2026\/04\/Atelier-poterie-demonstration-1-e1776946898884.jpg\" \/>\n<meta name=\"twitter:card\" content=\"summary_large_image\" \/>\n<meta name=\"twitter:label1\" content=\"Est. reading time\" \/>\n\t<meta name=\"twitter:data1\" content=\"1 minute\" \/>\n<script type=\"application\/ld+json\" class=\"yoast-schema-graph\">{\"@context\":\"https:\\\/\\\/schema.org\",\"@graph\":[{\"@type\":\"WebPage\",\"@id\":\"https:\\\/\\\/www.slowpotter.com\\\/en\\\/\",\"url\":\"https:\\\/\\\/www.slowpotter.com\\\/en\\\/\",\"name\":\"Pottery studio in Paris | Slow Potter\",\"isPartOf\":{\"@id\":\"https:\\\/\\\/www.slowpotter.com\\\/en\\\/#website\"},\"primaryImageOfPage\":{\"@id\":\"https:\\\/\\\/www.slowpotter.com\\\/en\\\/#primaryimage\"},\"image\":{\"@id\":\"https:\\\/\\\/www.slowpotter.com\\\/en\\\/#primaryimage\"},\"thumbnailUrl\":\"https:\\\/\\\/www.slowpotter.com\\\/wp-content\\\/uploads\\\/2026\\\/04\\\/Atelier-poterie-demonstration-1-e1776946898884.jpg\",\"datePublished\":\"2026-04-11T14:48:34+00:00\",\"dateModified\":\"2026-04-23T17:31:47+00:00\",\"description\":\"Slow Potter is the studio of Chentar, a ceramic artist in Paris. Private pottery classes, workshops and creations in an intimate and refined space.\",\"breadcrumb\":{\"@id\":\"https:\\\/\\\/www.slowpotter.com\\\/en\\\/#breadcrumb\"},\"inLanguage\":\"en-US\",\"potentialAction\":[{\"@type\":\"ReadAction\",\"target\":[\"https:\\\/\\\/www.slowpotter.com\\\/en\\\/\"]}]},{\"@type\":\"ImageObject\",\"inLanguage\":\"en-US\",\"@id\":\"https:\\\/\\\/www.slowpotter.com\\\/en\\\/#primaryimage\",\"url\":\"https:\\\/\\\/www.slowpotter.com\\\/wp-content\\\/uploads\\\/2026\\\/04\\\/Atelier-poterie-demonstration-1-e1776946898884.jpg\",\"contentUrl\":\"https:\\\/\\\/www.slowpotter.com\\\/wp-content\\\/uploads\\\/2026\\\/04\\\/Atelier-poterie-demonstration-1-e1776946898884.jpg\"},{\"@type\":\"BreadcrumbList\",\"@id\":\"https:\\\/\\\/www.slowpotter.com\\\/en\\\/#breadcrumb\",\"itemListElement\":[{\"@type\":\"ListItem\",\"position\":1,\"name\":\"Home\",\"item\":\"https:\\\/\\\/www.slowpotter.com\\\/en\\\/\"},{\"@type\":\"ListItem\",\"position\":2,\"name\":\"Pottery studio in Paris | Slow Potter\"}]},{\"@type\":\"WebSite\",\"@id\":\"https:\\\/\\\/www.slowpotter.com\\\/en\\\/#website\",\"url\":\"https:\\\/\\\/www.slowpotter.com\\\/en\\\/\",\"name\":\"Slow Potter\",\"description\":\"Un espace lumineux de travail, de d\u00e9tente et d&#039;\u00e9changes entre passionn\u00e9s de poterie\",\"publisher\":{\"@id\":\"https:\\\/\\\/www.slowpotter.com\\\/en\\\/#organization\"},\"potentialAction\":[{\"@type\":\"SearchAction\",\"target\":{\"@type\":\"EntryPoint\",\"urlTemplate\":\"https:\\\/\\\/www.slowpotter.com\\\/en\\\/?s={search_term_string}\"},\"query-input\":{\"@type\":\"PropertyValueSpecification\",\"valueRequired\":true,\"valueName\":\"search_term_string\"}}],\"inLanguage\":\"en-US\"},{\"@type\":\"Organization\",\"@id\":\"https:\\\/\\\/www.slowpotter.com\\\/en\\\/#organization\",\"name\":\"SLOW POTTER\",\"url\":\"https:\\\/\\\/www.slowpotter.com\\\/en\\\/\",\"logo\":{\"@type\":\"ImageObject\",\"inLanguage\":\"en-US\",\"@id\":\"https:\\\/\\\/www.slowpotter.com\\\/en\\\/#\\\/schema\\\/logo\\\/image\\\/\",\"url\":\"https:\\\/\\\/www.slowpotter.com\\\/wp-content\\\/uploads\\\/2023\\\/10\\\/SlowPotter-Insta-black.png\",\"contentUrl\":\"https:\\\/\\\/www.slowpotter.com\\\/wp-content\\\/uploads\\\/2023\\\/10\\\/SlowPotter-Insta-black.png\",\"width\":475,\"height\":467,\"caption\":\"SLOW POTTER\"},\"image\":{\"@id\":\"https:\\\/\\\/www.slowpotter.com\\\/en\\\/#\\\/schema\\\/logo\\\/image\\\/\"},\"sameAs\":[\"https:\\\/\\\/www.facebook.com\\\/slowpotter\\\/\",\"https:\\\/\\\/www.instagram.com\\\/slowpotterinparis\\\/\"]}]}<\/script>\n<!-- \/ Yoast SEO plugin. -->","yoast_head_json":{"title":"Pottery studio in Paris | Slow Potter","description":"Slow Potter is the studio of Chentar, a ceramic artist in Paris. Private pottery classes, workshops and creations in an intimate and refined space.","robots":{"index":"index","follow":"follow","max-snippet":"max-snippet:-1","max-image-preview":"max-image-preview:large","max-video-preview":"max-video-preview:-1"},"canonical":"https:\/\/www.slowpotter.com\/en\/","og_locale":"en_US","og_type":"article","og_title":"Pottery studio in Paris | Slow Potter","og_description":"Slow Potter is the studio of Chentar, a ceramic artist in Paris. Private pottery classes, workshops and creations in an intimate and refined space.","og_url":"https:\/\/www.slowpotter.com\/en\/","og_site_name":"Slow Potter","article_publisher":"https:\/\/www.facebook.com\/slowpotter\/","article_modified_time":"2026-04-23T17:31:47+00:00","og_image":[{"url":"https:\/\/www.slowpotter.com\/wp-content\/uploads\/2026\/04\/Atelier-poterie-demonstration-1-e1776946898884.jpg","type":"","width":"","height":""}],"twitter_card":"summary_large_image","twitter_misc":{"Est. reading time":"1 minute"},"schema":{"@context":"https:\/\/schema.org","@graph":[{"@type":"WebPage","@id":"https:\/\/www.slowpotter.com\/en\/","url":"https:\/\/www.slowpotter.com\/en\/","name":"Pottery studio in Paris | Slow Potter","isPartOf":{"@id":"https:\/\/www.slowpotter.com\/en\/#website"},"primaryImageOfPage":{"@id":"https:\/\/www.slowpotter.com\/en\/#primaryimage"},"image":{"@id":"https:\/\/www.slowpotter.com\/en\/#primaryimage"},"thumbnailUrl":"https:\/\/www.slowpotter.com\/wp-content\/uploads\/2026\/04\/Atelier-poterie-demonstration-1-e1776946898884.jpg","datePublished":"2026-04-11T14:48:34+00:00","dateModified":"2026-04-23T17:31:47+00:00","description":"Slow Potter is the studio of Chentar, a ceramic artist in Paris. Private pottery classes, workshops and creations in an intimate and refined space.","breadcrumb":{"@id":"https:\/\/www.slowpotter.com\/en\/#breadcrumb"},"inLanguage":"en-US","potentialAction":[{"@type":"ReadAction","target":["https:\/\/www.slowpotter.com\/en\/"]}]},{"@type":"ImageObject","inLanguage":"en-US","@id":"https:\/\/www.slowpotter.com\/en\/#primaryimage","url":"https:\/\/www.slowpotter.com\/wp-content\/uploads\/2026\/04\/Atelier-poterie-demonstration-1-e1776946898884.jpg","contentUrl":"https:\/\/www.slowpotter.com\/wp-content\/uploads\/2026\/04\/Atelier-poterie-demonstration-1-e1776946898884.jpg"},{"@type":"BreadcrumbList","@id":"https:\/\/www.slowpotter.com\/en\/#breadcrumb","itemListElement":[{"@type":"ListItem","position":1,"name":"Home","item":"https:\/\/www.slowpotter.com\/en\/"},{"@type":"ListItem","position":2,"name":"Pottery studio in Paris | Slow Potter"}]},{"@type":"WebSite","@id":"https:\/\/www.slowpotter.com\/en\/#website","url":"https:\/\/www.slowpotter.com\/en\/","name":"Slow Potter","description":"Un espace lumineux de travail, de d\u00e9tente et d&#039;\u00e9changes entre passionn\u00e9s de poterie","publisher":{"@id":"https:\/\/www.slowpotter.com\/en\/#organization"},"potentialAction":[{"@type":"SearchAction","target":{"@type":"EntryPoint","urlTemplate":"https:\/\/www.slowpotter.com\/en\/?s={search_term_string}"},"query-input":{"@type":"PropertyValueSpecification","valueRequired":true,"valueName":"search_term_string"}}],"inLanguage":"en-US"},{"@type":"Organization","@id":"https:\/\/www.slowpotter.com\/en\/#organization","name":"SLOW POTTER","url":"https:\/\/www.slowpotter.com\/en\/","logo":{"@type":"ImageObject","inLanguage":"en-US","@id":"https:\/\/www.slowpotter.com\/en\/#\/schema\/logo\/image\/","url":"https:\/\/www.slowpotter.com\/wp-content\/uploads\/2023\/10\/SlowPotter-Insta-black.png","contentUrl":"https:\/\/www.slowpotter.com\/wp-content\/uploads\/2023\/10\/SlowPotter-Insta-black.png","width":475,"height":467,"caption":"SLOW POTTER"},"image":{"@id":"https:\/\/www.slowpotter.com\/en\/#\/schema\/logo\/image\/"},"sameAs":["https:\/\/www.facebook.com\/slowpotter\/","https:\/\/www.instagram.com\/slowpotterinparis\/"]}]}},"_links":{"self":[{"href":"https:\/\/www.slowpotter.com\/en\/wp-json\/wp\/v2\/pages\/2849","targetHints":{"allow":["GET"]}}],"collection":[{"href":"https:\/\/www.slowpotter.com\/en\/wp-json\/wp\/v2\/pages"}],"about":[{"href":"https:\/\/www.slowpotter.com\/en\/wp-json\/wp\/v2\/types\/page"}],"author":[{"embeddable":true,"href":"https:\/\/www.slowpotter.com\/en\/wp-json\/wp\/v2\/users\/2"}],"replies":[{"embeddable":true,"href":"https:\/\/www.slowpotter.com\/en\/wp-json\/wp\/v2\/comments?post=2849"}],"version-history":[{"count":3,"href":"https:\/\/www.slowpotter.com\/en\/wp-json\/wp\/v2\/pages\/2849\/revisions"}],"predecessor-version":[{"id":4350,"href":"https:\/\/www.slowpotter.com\/en\/wp-json\/wp\/v2\/pages\/2849\/revisions\/4350"}],"wp:attachment":[{"href":"https:\/\/www.slowpotter.com\/en\/wp-json\/wp\/v2\/media?parent=2849"}],"curies":[{"name":"wp","href":"https:\/\/api.w.org\/{rel}","templated":true}]}}